{"id":542,"date":"2024-05-28T19:15:45","date_gmt":"2024-05-28T19:15:45","guid":{"rendered":"https:\/\/web.cortijolasgregorias.com\/personalizar-cookies\/"},"modified":"2024-05-28T19:15:45","modified_gmt":"2024-05-28T19:15:45","slug":"personalizar-cookies","status":"publish","type":"page","link":"https:\/\/www.cortijolasgregorias.com\/pt\/personalizar-cookies\/","title":{"rendered":"Personalizar cookies"},"content":{"rendered":"<div>\n      <div id=\"custom-cookies-eu-label\">\n          O site https:\/\/www.cortijolasgregorias.com utiliza cookies pr\u00f3prios para o seu correto funcionamento. Ao clicar no bot\u00e3o Aceitar, voc\u00ea concorda com o uso dessas tecnologias e com o processamento de seus dados para esses fins.          \n\n      <\/div>\n\n      <div id=\"custom-cookies-eu-buttons\" class=\"cookies-eu-buttons\">\n        <button id=\"custom-cookies-eu-reject\" class=\"cookies-eu-reject\">Decl\u00ednio<\/button>\n        <button id=\"custom-cookies-eu-accept\" class=\"cookies-eu-accept\">ACEITO TODOS OS COOKIES<\/button><\/div>\n      <\/div>\n\n<br\/>\n<p>\n\tVoc\u00ea pode alterar suas prefer\u00eancias de cookies a qualquer momento retornando \u00e0 p\u00e1gina Personalizar Cookies, que pode ser acessada atrav\u00e9s do Aviso de Cookies. Para obter mais informa\u00e7\u00f5es sobre cookies e como os utilizamos, consulte o <a href=\"https:\/\/www.cortijolasgregorias.com\/pt\/politica-de-cookies\/\">Pol\u00edtica de cookies<\/a>.\n<\/p>\n\n<h3>Cookies t\u00e9cnicos<\/h3>\n<p>\n\tS\u00e3o aqueles que permitem aos utilizadores registados navegar pelo site, pela \u00e1rea restrita e utilizar as suas diversas fun\u00e7\u00f5es, como o sistema de coment\u00e1rios ou o motor de busca, n\u00e3o podendo ser desativados.\n<\/p>","protected":false},"excerpt":{"rendered":"<p>O site https:\/\/www.cortijolasgregorias.com utiliza cookies pr\u00f3prios para o seu correto funcionamento. Ao clicar no bot\u00e3o Aceitar, voc\u00ea concorda com o uso dessas tecnologias e com o processamento de seus dados para esses fins. Recusar ACEITAR TODOS OS COOKIES Voc\u00ea pode alterar suas prefer\u00eancias de cookies a qualquer momento, retornando \u00e0 p\u00e1gina Personalizar Cookies, [...]<\/p>","protected":false},"author":1,"featured_media":0,"parent":0,"menu_order":0,"comment_status":"closed","ping_status":"closed","template":"","meta":{"footnotes":""},"class_list":["post-542","page","type-page","status-publish","hentry"],"_links":{"self":[{"href":"https:\/\/www.cortijolasgregorias.com\/pt\/wp-json\/wp\/v2\/pages\/542","targetHints":{"allow":["GET"]}}],"collection":[{"href":"https:\/\/www.cortijolasgregorias.com\/pt\/wp-json\/wp\/v2\/pages"}],"about":[{"href":"https:\/\/www.cortijolasgregorias.com\/pt\/wp-json\/wp\/v2\/types\/page"}],"author":[{"embeddable":true,"href":"https:\/\/www.cortijolasgregorias.com\/pt\/wp-json\/wp\/v2\/users\/1"}],"replies":[{"embeddable":true,"href":"https:\/\/www.cortijolasgregorias.com\/pt\/wp-json\/wp\/v2\/comments?post=542"}],"version-history":[{"count":0,"href":"https:\/\/www.cortijolasgregorias.com\/pt\/wp-json\/wp\/v2\/pages\/542\/revisions"}],"wp:attachment":[{"href":"https:\/\/www.cortijolasgregorias.com\/pt\/wp-json\/wp\/v2\/media?parent=542"}],"curies":[{"name":"wp","href":"https:\/\/api.w.org\/{rel}","templated":true}]}}